{"id":290,"date":"2017-03-17T15:19:25","date_gmt":"2017-03-17T15:19:25","guid":{"rendered":"https:\/\/www.foresteriatorre.org\/location-and-contacts\/"},"modified":"2018-05-25T09:04:27","modified_gmt":"2018-05-25T09:04:27","slug":"so-erreichen-sie-das-waldenser-gaestehaus-torre-pellice","status":"publish","type":"page","link":"https:\/\/www.foresteriatorre.org\/de\/so-erreichen-sie-das-waldenser-gaestehaus-torre-pellice\/","title":{"rendered":"So finden Sie uns"},"content":{"rendered":"<p>Casa Cares in Reggello, das Waldenser G\u00e4stehaus f\u00fcr die Liebhaber des \u00d6kotourismus in der Toskana von Chianti, liegt eingebettet in die H\u00fcgellandschaft, nur wenige Kilometer vom Naturpark Vallombrosa entfernt. Von der Villa I Graffi aus kann man die gastronomischen und \u00f6nologischen Sch\u00e4tze des Chiantigebiets erkunden und zu Fu\u00df oder mit dem Fahrrad in die Natur aufbrechen und den Pratomagno oder die Balze del Valdarno entdecken. Au\u00dferdem sind von hier aus die wichtigsten Kunstst\u00e4dte der Toskana gut zu erreichen: Florenz ist 35 km entfernt, Arezzo 60 km und Siena 100 km.<\/p>\n<h3>So erreichen Sie Torre Pellice:<\/h3>\n<p><strong><em><b><i>Mit dem Auto<\/i><\/b><\/em><\/strong><\/p>\n<p><em><i>Von Turin aus \u00fcber die Autobahn<\/i><\/em>: An der s\u00fcdlichen Umgehungsstra\u00dfe nehmen Sie die Ausfahrt Pinerolo und dann die Autostrada del Pinerolese (A55). In Pinerolo folgen Sie den Hinweisen nach Torre Pellice. <em><i>Von Turin \u00fcber die aus Bundesstra\u00dfe<\/i><\/em>: Fahren Sie bis Stupinigi und \u00a0dann weiter auf der Statale del Sestriere (SR23). Folgen Sie den Hinweisen \u201eVal Pellice\u201c. <em><i>Von Savona aus auf der Autobahn<\/i><\/em>: Nehmen Sie die Ausfahrt Marene. Dort fahren Sie in Richtung Savigliano und dann bis Saluzzo. In Saluzzo angekommen, fahren Sie weiter in Richtung Cavour, Bibiana, Val Pellice, Torre Pellice.<\/p>\n<p><strong><em><b><i>Mit dem Zug und dem Bus<\/i><\/b><\/em><\/strong><\/p>\n<p>Vom Bahnhof Turin Porta Susa aus nehmen Sie einen Zug des Servizio Ferroviario Metropolitano (SFM 2) nach Pinerolo. In Pinerolo setzen Sie Ihre Fahrt mit der Autobuslinie SADEM 901 bis nach Torre Pellice fort.<\/p>\n","protected":false},"excerpt":{"rendered":"<p>Casa Cares in Reggello, das Waldenser G\u00e4stehaus f\u00fcr die Liebhaber des \u00d6kotourismus in der Toskana von Chianti, liegt eingebettet in die H\u00fcgellandschaft, nur wenige Kilometer vom Naturpark Vallombrosa entfernt. Von der Villa I Graffi aus kann man die gastronomischen und \u00f6nologischen Sch\u00e4tze des Chiantigebiets erkunden und zu Fu\u00df oder mit dem Fahrrad in die Natur [&hellip;]<\/p>\n","protected":false},"author":1,"featured_media":0,"parent":0,"menu_order":0,"comment_status":"closed","ping_status":"closed","template":"templates\/contacts.php","meta":{"footnotes":""},"class_list":["post-290","page","type-page","status-publish","hentry"],"yoast_head":"<!-- This site is optimized with the Yoast SEO plugin v24.8.1 - https:\/\/yoast.com\/wordpress\/plugins\/seo\/ -->\n<title>So erreichen Sie das Waldenser G\u00e4stehaus Torre Pellice<\/title>\n<meta name=\"description\" content=\"So erreichen Sie das Waldenser G\u00e4stehaus in Torre Pellice, dem Zentrum der Waldenserkirche in den n\u00f6rdlichen Cottischen Alpen. Ein faszinierender Ort!\" \/>\n<meta name=\"robots\" content=\"index, follow, max-snippet:-1, max-image-preview:large, max-video-preview:-1\" \/>\n<link rel=\"canonical\" href=\"https:\/\/www.foresteriatorre.org\/de\/so-erreichen-sie-das-waldenser-gaestehaus-torre-pellice\/\" \/>\n<meta property=\"og:locale\" content=\"de_DE\" \/>\n<meta property=\"og:type\" content=\"article\" \/>\n<meta property=\"og:title\" content=\"So erreichen Sie das Waldenser G\u00e4stehaus Torre Pellice\" \/>\n<meta property=\"og:description\" content=\"So erreichen Sie das Waldenser G\u00e4stehaus in Torre Pellice, dem Zentrum der Waldenserkirche in den n\u00f6rdlichen Cottischen Alpen. Ein faszinierender Ort!\" \/>\n<meta property=\"og:url\" content=\"https:\/\/www.foresteriatorre.org\/de\/so-erreichen-sie-das-waldenser-gaestehaus-torre-pellice\/\" \/>\n<meta property=\"og:site_name\" content=\"Ermes Hotels\" \/>\n<meta property=\"article:modified_time\" content=\"2018-05-25T09:04:27+00:00\" \/>\n<meta name=\"twitter:card\" content=\"summary_large_image\" \/>\n<meta name=\"twitter:label1\" content=\"Gesch\u00e4tzte Lesezeit\" \/>\n\t<meta name=\"twitter:data1\" content=\"1\u00a0Minute\" \/>\n<script type=\"application\/ld+json\" class=\"yoast-schema-graph\">{\"@context\":\"https:\/\/schema.org\",\"@graph\":[{\"@type\":\"WebPage\",\"@id\":\"https:\/\/www.foresteriatorre.org\/de\/so-erreichen-sie-das-waldenser-gaestehaus-torre-pellice\/\",\"url\":\"https:\/\/www.foresteriatorre.org\/de\/so-erreichen-sie-das-waldenser-gaestehaus-torre-pellice\/\",\"name\":\"So erreichen Sie das Waldenser G\u00e4stehaus Torre Pellice\",\"isPartOf\":{\"@id\":\"https:\/\/www.foresteriatorre.org\/#website\"},\"datePublished\":\"2017-03-17T15:19:25+00:00\",\"dateModified\":\"2018-05-25T09:04:27+00:00\",\"description\":\"So erreichen Sie das Waldenser G\u00e4stehaus in Torre Pellice, dem Zentrum der Waldenserkirche in den n\u00f6rdlichen Cottischen Alpen. Ein faszinierender Ort!\",\"breadcrumb\":{\"@id\":\"https:\/\/www.foresteriatorre.org\/de\/so-erreichen-sie-das-waldenser-gaestehaus-torre-pellice\/#breadcrumb\"},\"inLanguage\":\"de\",\"potentialAction\":[{\"@type\":\"ReadAction\",\"target\":[\"https:\/\/www.foresteriatorre.org\/de\/so-erreichen-sie-das-waldenser-gaestehaus-torre-pellice\/\"]}]},{\"@type\":\"BreadcrumbList\",\"@id\":\"https:\/\/www.foresteriatorre.org\/de\/so-erreichen-sie-das-waldenser-gaestehaus-torre-pellice\/#breadcrumb\",\"itemListElement\":[{\"@type\":\"ListItem\",\"position\":1,\"name\":\"Home\",\"item\":\"https:\/\/www.foresteriatorre.org\/de\/\"},{\"@type\":\"ListItem\",\"position\":2,\"name\":\"So finden Sie uns\"}]},{\"@type\":\"WebSite\",\"@id\":\"https:\/\/www.foresteriatorre.org\/#website\",\"url\":\"https:\/\/www.foresteriatorre.org\/\",\"name\":\"Ermes Hotels\",\"description\":\"Just another WordPress site\",\"potentialAction\":[{\"@type\":\"SearchAction\",\"target\":{\"@type\":\"EntryPoint\",\"urlTemplate\":\"https:\/\/www.foresteriatorre.org\/?s={search_term_string}\"},\"query-input\":{\"@type\":\"PropertyValueSpecification\",\"valueRequired\":true,\"valueName\":\"search_term_string\"}}],\"inLanguage\":\"de\"}]}<\/script>\n<!-- \/ Yoast SEO plugin. -->","yoast_head_json":{"title":"So erreichen Sie das Waldenser G\u00e4stehaus Torre Pellice","description":"So erreichen Sie das Waldenser G\u00e4stehaus in Torre Pellice, dem Zentrum der Waldenserkirche in den n\u00f6rdlichen Cottischen Alpen. Ein faszinierender Ort!","robots":{"index":"index","follow":"follow","max-snippet":"max-snippet:-1","max-image-preview":"max-image-preview:large","max-video-preview":"max-video-preview:-1"},"canonical":"https:\/\/www.foresteriatorre.org\/de\/so-erreichen-sie-das-waldenser-gaestehaus-torre-pellice\/","og_locale":"de_DE","og_type":"article","og_title":"So erreichen Sie das Waldenser G\u00e4stehaus Torre Pellice","og_description":"So erreichen Sie das Waldenser G\u00e4stehaus in Torre Pellice, dem Zentrum der Waldenserkirche in den n\u00f6rdlichen Cottischen Alpen. Ein faszinierender Ort!","og_url":"https:\/\/www.foresteriatorre.org\/de\/so-erreichen-sie-das-waldenser-gaestehaus-torre-pellice\/","og_site_name":"Ermes Hotels","article_modified_time":"2018-05-25T09:04:27+00:00","twitter_card":"summary_large_image","twitter_misc":{"Gesch\u00e4tzte Lesezeit":"1\u00a0Minute"},"schema":{"@context":"https:\/\/schema.org","@graph":[{"@type":"WebPage","@id":"https:\/\/www.foresteriatorre.org\/de\/so-erreichen-sie-das-waldenser-gaestehaus-torre-pellice\/","url":"https:\/\/www.foresteriatorre.org\/de\/so-erreichen-sie-das-waldenser-gaestehaus-torre-pellice\/","name":"So erreichen Sie das Waldenser G\u00e4stehaus Torre Pellice","isPartOf":{"@id":"https:\/\/www.foresteriatorre.org\/#website"},"datePublished":"2017-03-17T15:19:25+00:00","dateModified":"2018-05-25T09:04:27+00:00","description":"So erreichen Sie das Waldenser G\u00e4stehaus in Torre Pellice, dem Zentrum der Waldenserkirche in den n\u00f6rdlichen Cottischen Alpen. Ein faszinierender Ort!","breadcrumb":{"@id":"https:\/\/www.foresteriatorre.org\/de\/so-erreichen-sie-das-waldenser-gaestehaus-torre-pellice\/#breadcrumb"},"inLanguage":"de","potentialAction":[{"@type":"ReadAction","target":["https:\/\/www.foresteriatorre.org\/de\/so-erreichen-sie-das-waldenser-gaestehaus-torre-pellice\/"]}]},{"@type":"BreadcrumbList","@id":"https:\/\/www.foresteriatorre.org\/de\/so-erreichen-sie-das-waldenser-gaestehaus-torre-pellice\/#breadcrumb","itemListElement":[{"@type":"ListItem","position":1,"name":"Home","item":"https:\/\/www.foresteriatorre.org\/de\/"},{"@type":"ListItem","position":2,"name":"So finden Sie uns"}]},{"@type":"WebSite","@id":"https:\/\/www.foresteriatorre.org\/#website","url":"https:\/\/www.foresteriatorre.org\/","name":"Ermes Hotels","description":"Just another WordPress site","potentialAction":[{"@type":"SearchAction","target":{"@type":"EntryPoint","urlTemplate":"https:\/\/www.foresteriatorre.org\/?s={search_term_string}"},"query-input":{"@type":"PropertyValueSpecification","valueRequired":true,"valueName":"search_term_string"}}],"inLanguage":"de"}]}},"_links":{"self":[{"href":"https:\/\/www.foresteriatorre.org\/de\/wp-json\/wp\/v2\/pages\/290","targetHints":{"allow":["GET"]}}],"collection":[{"href":"https:\/\/www.foresteriatorre.org\/de\/wp-json\/wp\/v2\/pages"}],"about":[{"href":"https:\/\/www.foresteriatorre.org\/de\/wp-json\/wp\/v2\/types\/page"}],"author":[{"embeddable":true,"href":"https:\/\/www.foresteriatorre.org\/de\/wp-json\/wp\/v2\/users\/1"}],"replies":[{"embeddable":true,"href":"https:\/\/www.foresteriatorre.org\/de\/wp-json\/wp\/v2\/comments?post=290"}],"version-history":[{"count":4,"href":"https:\/\/www.foresteriatorre.org\/de\/wp-json\/wp\/v2\/pages\/290\/revisions"}],"predecessor-version":[{"id":550,"href":"https:\/\/www.foresteriatorre.org\/de\/wp-json\/wp\/v2\/pages\/290\/revisions\/550"}],"wp:attachment":[{"href":"https:\/\/www.foresteriatorre.org\/de\/wp-json\/wp\/v2\/media?parent=290"}],"curies":[{"name":"wp","href":"https:\/\/api.w.org\/{rel}","templated":true}]}}