{"id":274,"date":"2017-03-13T15:54:07","date_gmt":"2017-03-13T15:54:07","guid":{"rendered":"https:\/\/www.foresteriatorre.org\/veranstaltungs-tagungszentrum-toskana\/"},"modified":"2018-02-19T09:22:59","modified_gmt":"2018-02-19T09:22:59","slug":"erholsamer-urlaub-val-pellice","status":"publish","type":"page","link":"https:\/\/www.foresteriatorre.org\/de\/erholsamer-urlaub-val-pellice\/","title":{"rendered":"Unsere Serviceleistungen"},"content":{"rendered":"<p>Das Waldenser G\u00e4stehaus in Torre Pellice ist der ideale Ort f\u00fcr erholsame Ferien in der Val Pellice. Frisches, naturbelassenes Essen aus der Umgebung, der \u00a0friedliche, weitl\u00e4ufige Garten, die gesunde Bergluft, die M\u00f6glichkeit, Seminare und Begegnungen zu organisieren und unser aufmerksames Team sind nur einige der sch\u00f6nen \u00dcberraschungen, die Sie in diesem f\u00fcr die Geschichte der Waldenser so bedeutenden Tal erwarten-<\/p>\n<p>Gartner<\/p>\n<p>Der weitl\u00e4ufige Garten des G\u00e4stehauses mit den Alpengipfeln im Hintergrund wird Sie mit seiner idyllischen Atmosph\u00e4re und dem wunderbaren Duft des Rhododendrons verzaubern. Er ist mit Tischen, St\u00fchlen und B\u00e4nken ausgestattet, an denen Sie sich entspannen und ein gutes Buch lesen oder einfach die frische Alpenluft genie\u00dfen k\u00f6nnen<\/p>\n<p class=\"primary\">Versammlungsr\u00e4ume<\/p>\n<p>Das G\u00e4stehaus bietet in einer Reihe von Gemeinschaftsr\u00e4umen die M\u00f6glichkeit, Zusammenk\u00fcnfte zu organisieren. Die R\u00e4ume sind mit St\u00fchlen und Tischen versehen, Leinw\u00e4nde und Projektoren werden auf Wunsch zur Verf\u00fcgung gestellt. In den Gemeinschaftsr\u00e4umen, einschlie\u00dflich des Gartens, gibt es WLAN.<\/p>\n<div class=\"articleList__content articleList--overlapped__content bg-white\">\n<div class=\"content-item content-item--wide content-item--xs\">\n<p class=\"primary\">Restaurant<\/p>\n<div class=\"content-item__main-content\">\n<p>Das Fr\u00fchst\u00fccksbuffet sieht eine reichhaltige Auswahl von s\u00fc\u00dfen und herzhaften Speisen vor. Die w\u00f6chentlich von unserem K\u00fcchenteam entwickelten Speisepl\u00e4ne orientieren sich an dem saisonalen Angebot aus der Umgebung. Unsere K\u00f6che ber\u00fccksichtigen spezielle W\u00fcnsche und bereiten gerne Gerichte f\u00fcr Vegetarier, Veganer und G\u00e4ste mit Lebensmittelunvertr\u00e4glichkeiten zu<\/p>\n<\/div>\n<\/div>\n<\/div>\n","protected":false},"excerpt":{"rendered":"<p>Das Waldenser G\u00e4stehaus in Torre Pellice ist der ideale Ort f\u00fcr erholsame Ferien in der Val Pellice. Frisches, naturbelassenes Essen aus der Umgebung, der \u00a0friedliche, weitl\u00e4ufige Garten, die gesunde Bergluft, die M\u00f6glichkeit, Seminare und Begegnungen zu organisieren und unser aufmerksames Team sind nur einige der sch\u00f6nen \u00dcberraschungen, die Sie in diesem f\u00fcr die Geschichte der [&hellip;]<\/p>\n","protected":false},"author":1,"featured_media":0,"parent":0,"menu_order":0,"comment_status":"closed","ping_status":"closed","template":"templates\/services.php","meta":{"footnotes":""},"class_list":["post-274","page","type-page","status-publish","hentry"],"yoast_head":"<!-- This site is optimized with the Yoast SEO plugin v24.8.1 - https:\/\/yoast.com\/wordpress\/plugins\/seo\/ -->\n<title>Entspannende Ferien in der Val Pellice | Waldenser G\u00e4stehaus Torre Pellice<\/title>\n<meta name=\"description\" content=\"Verbringen Sie einen unvergleichlich erholsamen Urlaub in der Val Pellice, im Waldenser G\u00e4stehaus in Torre Pellice mit seinem friedlichen Garten\" \/>\n<meta name=\"robots\" content=\"index, follow, max-snippet:-1, max-image-preview:large, max-video-preview:-1\" \/>\n<link rel=\"canonical\" href=\"https:\/\/www.foresteriatorre.org\/de\/erholsamer-urlaub-val-pellice\/\" \/>\n<meta property=\"og:locale\" content=\"de_DE\" \/>\n<meta property=\"og:type\" content=\"article\" \/>\n<meta property=\"og:title\" content=\"Entspannende Ferien in der Val Pellice | Waldenser G\u00e4stehaus Torre Pellice\" \/>\n<meta property=\"og:description\" content=\"Verbringen Sie einen unvergleichlich erholsamen Urlaub in der Val Pellice, im Waldenser G\u00e4stehaus in Torre Pellice mit seinem friedlichen Garten\" \/>\n<meta property=\"og:url\" content=\"https:\/\/www.foresteriatorre.org\/de\/erholsamer-urlaub-val-pellice\/\" \/>\n<meta property=\"og:site_name\" content=\"Ermes Hotels\" \/>\n<meta property=\"article:modified_time\" content=\"2018-02-19T09:22:59+00:00\" \/>\n<meta name=\"twitter:card\" content=\"summary_large_image\" \/>\n<meta name=\"twitter:label1\" content=\"Gesch\u00e4tzte Lesezeit\" \/>\n\t<meta name=\"twitter:data1\" content=\"1\u00a0Minute\" \/>\n<script type=\"application\/ld+json\" class=\"yoast-schema-graph\">{\"@context\":\"https:\/\/schema.org\",\"@graph\":[{\"@type\":\"WebPage\",\"@id\":\"https:\/\/www.foresteriatorre.org\/de\/erholsamer-urlaub-val-pellice\/\",\"url\":\"https:\/\/www.foresteriatorre.org\/de\/erholsamer-urlaub-val-pellice\/\",\"name\":\"Entspannende Ferien in der Val Pellice | Waldenser G\u00e4stehaus Torre Pellice\",\"isPartOf\":{\"@id\":\"https:\/\/www.foresteriatorre.org\/#website\"},\"datePublished\":\"2017-03-13T15:54:07+00:00\",\"dateModified\":\"2018-02-19T09:22:59+00:00\",\"description\":\"Verbringen Sie einen unvergleichlich erholsamen Urlaub in der Val Pellice, im Waldenser G\u00e4stehaus in Torre Pellice mit seinem friedlichen Garten\",\"breadcrumb\":{\"@id\":\"https:\/\/www.foresteriatorre.org\/de\/erholsamer-urlaub-val-pellice\/#breadcrumb\"},\"inLanguage\":\"de\",\"potentialAction\":[{\"@type\":\"ReadAction\",\"target\":[\"https:\/\/www.foresteriatorre.org\/de\/erholsamer-urlaub-val-pellice\/\"]}]},{\"@type\":\"BreadcrumbList\",\"@id\":\"https:\/\/www.foresteriatorre.org\/de\/erholsamer-urlaub-val-pellice\/#breadcrumb\",\"itemListElement\":[{\"@type\":\"ListItem\",\"position\":1,\"name\":\"Home\",\"item\":\"https:\/\/www.foresteriatorre.org\/de\/\"},{\"@type\":\"ListItem\",\"position\":2,\"name\":\"Unsere Serviceleistungen\"}]},{\"@type\":\"WebSite\",\"@id\":\"https:\/\/www.foresteriatorre.org\/#website\",\"url\":\"https:\/\/www.foresteriatorre.org\/\",\"name\":\"Ermes Hotels\",\"description\":\"Just another WordPress site\",\"potentialAction\":[{\"@type\":\"SearchAction\",\"target\":{\"@type\":\"EntryPoint\",\"urlTemplate\":\"https:\/\/www.foresteriatorre.org\/?s={search_term_string}\"},\"query-input\":{\"@type\":\"PropertyValueSpecification\",\"valueRequired\":true,\"valueName\":\"search_term_string\"}}],\"inLanguage\":\"de\"}]}<\/script>\n<!-- \/ Yoast SEO plugin. -->","yoast_head_json":{"title":"Entspannende Ferien in der Val Pellice | Waldenser G\u00e4stehaus Torre Pellice","description":"Verbringen Sie einen unvergleichlich erholsamen Urlaub in der Val Pellice, im Waldenser G\u00e4stehaus in Torre Pellice mit seinem friedlichen Garten","robots":{"index":"index","follow":"follow","max-snippet":"max-snippet:-1","max-image-preview":"max-image-preview:large","max-video-preview":"max-video-preview:-1"},"canonical":"https:\/\/www.foresteriatorre.org\/de\/erholsamer-urlaub-val-pellice\/","og_locale":"de_DE","og_type":"article","og_title":"Entspannende Ferien in der Val Pellice | Waldenser G\u00e4stehaus Torre Pellice","og_description":"Verbringen Sie einen unvergleichlich erholsamen Urlaub in der Val Pellice, im Waldenser G\u00e4stehaus in Torre Pellice mit seinem friedlichen Garten","og_url":"https:\/\/www.foresteriatorre.org\/de\/erholsamer-urlaub-val-pellice\/","og_site_name":"Ermes Hotels","article_modified_time":"2018-02-19T09:22:59+00:00","twitter_card":"summary_large_image","twitter_misc":{"Gesch\u00e4tzte Lesezeit":"1\u00a0Minute"},"schema":{"@context":"https:\/\/schema.org","@graph":[{"@type":"WebPage","@id":"https:\/\/www.foresteriatorre.org\/de\/erholsamer-urlaub-val-pellice\/","url":"https:\/\/www.foresteriatorre.org\/de\/erholsamer-urlaub-val-pellice\/","name":"Entspannende Ferien in der Val Pellice | Waldenser G\u00e4stehaus Torre Pellice","isPartOf":{"@id":"https:\/\/www.foresteriatorre.org\/#website"},"datePublished":"2017-03-13T15:54:07+00:00","dateModified":"2018-02-19T09:22:59+00:00","description":"Verbringen Sie einen unvergleichlich erholsamen Urlaub in der Val Pellice, im Waldenser G\u00e4stehaus in Torre Pellice mit seinem friedlichen Garten","breadcrumb":{"@id":"https:\/\/www.foresteriatorre.org\/de\/erholsamer-urlaub-val-pellice\/#breadcrumb"},"inLanguage":"de","potentialAction":[{"@type":"ReadAction","target":["https:\/\/www.foresteriatorre.org\/de\/erholsamer-urlaub-val-pellice\/"]}]},{"@type":"BreadcrumbList","@id":"https:\/\/www.foresteriatorre.org\/de\/erholsamer-urlaub-val-pellice\/#breadcrumb","itemListElement":[{"@type":"ListItem","position":1,"name":"Home","item":"https:\/\/www.foresteriatorre.org\/de\/"},{"@type":"ListItem","position":2,"name":"Unsere Serviceleistungen"}]},{"@type":"WebSite","@id":"https:\/\/www.foresteriatorre.org\/#website","url":"https:\/\/www.foresteriatorre.org\/","name":"Ermes Hotels","description":"Just another WordPress site","potentialAction":[{"@type":"SearchAction","target":{"@type":"EntryPoint","urlTemplate":"https:\/\/www.foresteriatorre.org\/?s={search_term_string}"},"query-input":{"@type":"PropertyValueSpecification","valueRequired":true,"valueName":"search_term_string"}}],"inLanguage":"de"}]}},"_links":{"self":[{"href":"https:\/\/www.foresteriatorre.org\/de\/wp-json\/wp\/v2\/pages\/274","targetHints":{"allow":["GET"]}}],"collection":[{"href":"https:\/\/www.foresteriatorre.org\/de\/wp-json\/wp\/v2\/pages"}],"about":[{"href":"https:\/\/www.foresteriatorre.org\/de\/wp-json\/wp\/v2\/types\/page"}],"author":[{"embeddable":true,"href":"https:\/\/www.foresteriatorre.org\/de\/wp-json\/wp\/v2\/users\/1"}],"replies":[{"embeddable":true,"href":"https:\/\/www.foresteriatorre.org\/de\/wp-json\/wp\/v2\/comments?post=274"}],"version-history":[{"count":5,"href":"https:\/\/www.foresteriatorre.org\/de\/wp-json\/wp\/v2\/pages\/274\/revisions"}],"predecessor-version":[{"id":561,"href":"https:\/\/www.foresteriatorre.org\/de\/wp-json\/wp\/v2\/pages\/274\/revisions\/561"}],"wp:attachment":[{"href":"https:\/\/www.foresteriatorre.org\/de\/wp-json\/wp\/v2\/media?parent=274"}],"curies":[{"name":"wp","href":"https:\/\/api.w.org\/{rel}","templated":true}]}}