{"id":268,"date":"2017-03-13T15:53:05","date_gmt":"2017-03-13T15:53:05","guid":{"rendered":"https:\/\/www.foresteriatorre.org\/casa-ferie-chianti-prezzi-economici\/"},"modified":"2017-05-30T11:59:29","modified_gmt":"2017-05-30T11:59:29","slug":"zimmer-inmitten-der-natur-torre-pellice","status":"publish","type":"page","link":"https:\/\/www.foresteriatorre.org\/de\/zimmer-inmitten-der-natur-torre-pellice\/","title":{"rendered":"Unsere Zimmer"},"content":{"rendered":"<p>Das Waldenser G\u00e4stehaus in Torre Pellice bietet Zimmer inmitten der Natur, die meisten mit Blick auf den weitl\u00e4ufigen Garten, ideal f\u00fcr Einzelreisende, Paare, Familien und Gruppen. Wir haben Einzelzimmer, Doppelzimmer, Dreibett- und Vierbettzimmer. Die ger\u00e4umigen und hellen Zimmer sind in drei historischen Geb\u00e4uden untergebracht: der Vecchia Cascina, dem Pensionnat und der Casa Beckwith.<\/p>\n<p class=\"primary\">Zimmer Vecchia Cascina<\/p>\n<div class=\"content-item__main-content\">\n<p>Bei den in der Vecchia Cascina untergebrachten R\u00e4umen handelt es sich zum Gro\u00dfteil um komfortable Doppelzimmer mit Privatbad. In einige der Zimmer gelangt man mit dem Aufzug. Sie sind ideal f\u00fcr Einzelreisende oder Paare.<\/p>\n<p class=\"primary\">Zimmer Pensionnat<\/p>\n<div class=\"content-item__main-content\">\n<p>Bei den ger\u00e4umigen Zimmern im Pensionnat handelt es sich um Doppel-, Dreibett- und Vierbettzimmer. Sie sind funktionell und geschmackvoll eingerichtet, verf\u00fcgen zumeist \u00fcber ein Privatbad und eignen sich f\u00fcr Paare, Familien und Gruppen.<\/p>\n<p class=\"primary\">Casa Beckwith<\/p>\n<div class=\"content-item__main-content\">\n<p>In der Casa Beckwith sind Einzel- und Doppelzimmer untergebracht. Alle Zimmer sind geschmackvoll und komfortabel eingerichtet und verf\u00fcgen \u00fcber ein Privatbad. Sie sind ideal f\u00fcr Einzelreisende und Paare.<\/p>\n<\/div>\n<\/div>\n<\/div>\n","protected":false},"excerpt":{"rendered":"<p>Das Waldenser G\u00e4stehaus in Torre Pellice bietet Zimmer inmitten der Natur, die meisten mit Blick auf den weitl\u00e4ufigen Garten, ideal f\u00fcr Einzelreisende, Paare, Familien und Gruppen. Wir haben Einzelzimmer, Doppelzimmer, Dreibett- und Vierbettzimmer. Die ger\u00e4umigen und hellen Zimmer sind in drei historischen Geb\u00e4uden untergebracht: der Vecchia Cascina, dem Pensionnat und der Casa Beckwith. Zimmer Vecchia [&hellip;]<\/p>\n","protected":false},"author":1,"featured_media":0,"parent":0,"menu_order":0,"comment_status":"closed","ping_status":"closed","template":"templates\/rooms.php","meta":{"footnotes":""},"class_list":["post-268","page","type-page","status-publish","hentry"],"yoast_head":"<!-- This site is optimized with the Yoast SEO plugin v24.8.1 - https:\/\/yoast.com\/wordpress\/plugins\/seo\/ -->\n<title>Zimmer inmitten der Natur | Waldenser G\u00e4stehaus Torre Pellice<\/title>\n<meta name=\"description\" content=\"W\u00e4hlen Sie ein Zimmer inmitten der Natur im Waldenser G\u00e4stehaus in Torre Pellice bei Turin, dem idealen Urlaubsort im Piemont f\u00fcr Paare, Familien, Gruppen oder Einzelreisende\" \/>\n<meta name=\"robots\" content=\"index, follow, max-snippet:-1, max-image-preview:large, max-video-preview:-1\" \/>\n<link rel=\"canonical\" href=\"https:\/\/www.foresteriatorre.org\/de\/zimmer-inmitten-der-natur-torre-pellice\/\" \/>\n<meta property=\"og:locale\" content=\"de_DE\" \/>\n<meta property=\"og:type\" content=\"article\" \/>\n<meta property=\"og:title\" content=\"Zimmer inmitten der Natur | Waldenser G\u00e4stehaus Torre Pellice\" \/>\n<meta property=\"og:description\" content=\"W\u00e4hlen Sie ein Zimmer inmitten der Natur im Waldenser G\u00e4stehaus in Torre Pellice bei Turin, dem idealen Urlaubsort im Piemont f\u00fcr Paare, Familien, Gruppen oder Einzelreisende\" \/>\n<meta property=\"og:url\" content=\"https:\/\/www.foresteriatorre.org\/de\/zimmer-inmitten-der-natur-torre-pellice\/\" \/>\n<meta property=\"og:site_name\" content=\"Ermes Hotels\" \/>\n<meta property=\"article:modified_time\" content=\"2017-05-30T11:59:29+00:00\" \/>\n<meta name=\"twitter:card\" content=\"summary_large_image\" \/>\n<meta name=\"twitter:label1\" content=\"Gesch\u00e4tzte Lesezeit\" \/>\n\t<meta name=\"twitter:data1\" content=\"1\u00a0Minute\" \/>\n<script type=\"application\/ld+json\" class=\"yoast-schema-graph\">{\"@context\":\"https:\/\/schema.org\",\"@graph\":[{\"@type\":\"WebPage\",\"@id\":\"https:\/\/www.foresteriatorre.org\/de\/zimmer-inmitten-der-natur-torre-pellice\/\",\"url\":\"https:\/\/www.foresteriatorre.org\/de\/zimmer-inmitten-der-natur-torre-pellice\/\",\"name\":\"Zimmer inmitten der Natur | Waldenser G\u00e4stehaus Torre Pellice\",\"isPartOf\":{\"@id\":\"https:\/\/www.foresteriatorre.org\/#website\"},\"datePublished\":\"2017-03-13T15:53:05+00:00\",\"dateModified\":\"2017-05-30T11:59:29+00:00\",\"description\":\"W\u00e4hlen Sie ein Zimmer inmitten der Natur im Waldenser G\u00e4stehaus in Torre Pellice bei Turin, dem idealen Urlaubsort im Piemont f\u00fcr Paare, Familien, Gruppen oder Einzelreisende\",\"breadcrumb\":{\"@id\":\"https:\/\/www.foresteriatorre.org\/de\/zimmer-inmitten-der-natur-torre-pellice\/#breadcrumb\"},\"inLanguage\":\"de\",\"potentialAction\":[{\"@type\":\"ReadAction\",\"target\":[\"https:\/\/www.foresteriatorre.org\/de\/zimmer-inmitten-der-natur-torre-pellice\/\"]}]},{\"@type\":\"BreadcrumbList\",\"@id\":\"https:\/\/www.foresteriatorre.org\/de\/zimmer-inmitten-der-natur-torre-pellice\/#breadcrumb\",\"itemListElement\":[{\"@type\":\"ListItem\",\"position\":1,\"name\":\"Home\",\"item\":\"https:\/\/www.foresteriatorre.org\/de\/\"},{\"@type\":\"ListItem\",\"position\":2,\"name\":\"Unsere Zimmer\"}]},{\"@type\":\"WebSite\",\"@id\":\"https:\/\/www.foresteriatorre.org\/#website\",\"url\":\"https:\/\/www.foresteriatorre.org\/\",\"name\":\"Ermes Hotels\",\"description\":\"Just another WordPress site\",\"potentialAction\":[{\"@type\":\"SearchAction\",\"target\":{\"@type\":\"EntryPoint\",\"urlTemplate\":\"https:\/\/www.foresteriatorre.org\/?s={search_term_string}\"},\"query-input\":{\"@type\":\"PropertyValueSpecification\",\"valueRequired\":true,\"valueName\":\"search_term_string\"}}],\"inLanguage\":\"de\"}]}<\/script>\n<!-- \/ Yoast SEO plugin. -->","yoast_head_json":{"title":"Zimmer inmitten der Natur | Waldenser G\u00e4stehaus Torre Pellice","description":"W\u00e4hlen Sie ein Zimmer inmitten der Natur im Waldenser G\u00e4stehaus in Torre Pellice bei Turin, dem idealen Urlaubsort im Piemont f\u00fcr Paare, Familien, Gruppen oder Einzelreisende","robots":{"index":"index","follow":"follow","max-snippet":"max-snippet:-1","max-image-preview":"max-image-preview:large","max-video-preview":"max-video-preview:-1"},"canonical":"https:\/\/www.foresteriatorre.org\/de\/zimmer-inmitten-der-natur-torre-pellice\/","og_locale":"de_DE","og_type":"article","og_title":"Zimmer inmitten der Natur | Waldenser G\u00e4stehaus Torre Pellice","og_description":"W\u00e4hlen Sie ein Zimmer inmitten der Natur im Waldenser G\u00e4stehaus in Torre Pellice bei Turin, dem idealen Urlaubsort im Piemont f\u00fcr Paare, Familien, Gruppen oder Einzelreisende","og_url":"https:\/\/www.foresteriatorre.org\/de\/zimmer-inmitten-der-natur-torre-pellice\/","og_site_name":"Ermes Hotels","article_modified_time":"2017-05-30T11:59:29+00:00","twitter_card":"summary_large_image","twitter_misc":{"Gesch\u00e4tzte Lesezeit":"1\u00a0Minute"},"schema":{"@context":"https:\/\/schema.org","@graph":[{"@type":"WebPage","@id":"https:\/\/www.foresteriatorre.org\/de\/zimmer-inmitten-der-natur-torre-pellice\/","url":"https:\/\/www.foresteriatorre.org\/de\/zimmer-inmitten-der-natur-torre-pellice\/","name":"Zimmer inmitten der Natur | Waldenser G\u00e4stehaus Torre Pellice","isPartOf":{"@id":"https:\/\/www.foresteriatorre.org\/#website"},"datePublished":"2017-03-13T15:53:05+00:00","dateModified":"2017-05-30T11:59:29+00:00","description":"W\u00e4hlen Sie ein Zimmer inmitten der Natur im Waldenser G\u00e4stehaus in Torre Pellice bei Turin, dem idealen Urlaubsort im Piemont f\u00fcr Paare, Familien, Gruppen oder Einzelreisende","breadcrumb":{"@id":"https:\/\/www.foresteriatorre.org\/de\/zimmer-inmitten-der-natur-torre-pellice\/#breadcrumb"},"inLanguage":"de","potentialAction":[{"@type":"ReadAction","target":["https:\/\/www.foresteriatorre.org\/de\/zimmer-inmitten-der-natur-torre-pellice\/"]}]},{"@type":"BreadcrumbList","@id":"https:\/\/www.foresteriatorre.org\/de\/zimmer-inmitten-der-natur-torre-pellice\/#breadcrumb","itemListElement":[{"@type":"ListItem","position":1,"name":"Home","item":"https:\/\/www.foresteriatorre.org\/de\/"},{"@type":"ListItem","position":2,"name":"Unsere Zimmer"}]},{"@type":"WebSite","@id":"https:\/\/www.foresteriatorre.org\/#website","url":"https:\/\/www.foresteriatorre.org\/","name":"Ermes Hotels","description":"Just another WordPress site","potentialAction":[{"@type":"SearchAction","target":{"@type":"EntryPoint","urlTemplate":"https:\/\/www.foresteriatorre.org\/?s={search_term_string}"},"query-input":{"@type":"PropertyValueSpecification","valueRequired":true,"valueName":"search_term_string"}}],"inLanguage":"de"}]}},"_links":{"self":[{"href":"https:\/\/www.foresteriatorre.org\/de\/wp-json\/wp\/v2\/pages\/268","targetHints":{"allow":["GET"]}}],"collection":[{"href":"https:\/\/www.foresteriatorre.org\/de\/wp-json\/wp\/v2\/pages"}],"about":[{"href":"https:\/\/www.foresteriatorre.org\/de\/wp-json\/wp\/v2\/types\/page"}],"author":[{"embeddable":true,"href":"https:\/\/www.foresteriatorre.org\/de\/wp-json\/wp\/v2\/users\/1"}],"replies":[{"embeddable":true,"href":"https:\/\/www.foresteriatorre.org\/de\/wp-json\/wp\/v2\/comments?post=268"}],"version-history":[{"count":4,"href":"https:\/\/www.foresteriatorre.org\/de\/wp-json\/wp\/v2\/pages\/268\/revisions"}],"predecessor-version":[{"id":560,"href":"https:\/\/www.foresteriatorre.org\/de\/wp-json\/wp\/v2\/pages\/268\/revisions\/560"}],"wp:attachment":[{"href":"https:\/\/www.foresteriatorre.org\/de\/wp-json\/wp\/v2\/media?parent=268"}],"curies":[{"name":"wp","href":"https:\/\/api.w.org\/{rel}","templated":true}]}}