{"id":249,"date":"2017-03-15T09:05:52","date_gmt":"2017-03-15T09:05:52","guid":{"rendered":"https:\/\/www.foresteriatorre.org\/gallery\/"},"modified":"2018-05-25T09:50:58","modified_gmt":"2018-05-25T09:50:58","slug":"fotos-waldenser-gaestehaus-torre-pellice","status":"publish","type":"page","link":"https:\/\/www.foresteriatorre.org\/de\/fotos-waldenser-gaestehaus-torre-pellice\/","title":{"rendered":"Unsere Fotogalerie"},"content":{"rendered":"","protected":false},"excerpt":{"rendered":"","protected":false},"author":1,"featured_media":0,"parent":0,"menu_order":0,"comment_status":"closed","ping_status":"closed","template":"templates\/gallery.php","meta":{"footnotes":""},"class_list":["post-249","page","type-page","status-publish","hentry"],"yoast_head":"<!-- This site is optimized with the Yoast SEO plugin v24.8.1 - https:\/\/yoast.com\/wordpress\/plugins\/seo\/ -->\n<title>Unsere Fotogalerie | Waldenser G\u00e4stehaus Torre Pellice<\/title>\n<meta name=\"description\" content=\"Entdecken Sie die Fotos des Waldenser G\u00e4stehauses in Torre Pellice, dem idealen Ort f\u00fcr einen erholsamen Urlaub im Piemont, in der N\u00e4he von Turin\" \/>\n<meta name=\"robots\" content=\"index, follow, max-snippet:-1, max-image-preview:large, max-video-preview:-1\" \/>\n<link rel=\"canonical\" href=\"https:\/\/www.foresteriatorre.org\/de\/fotos-waldenser-gaestehaus-torre-pellice\/\" \/>\n<meta property=\"og:locale\" content=\"de_DE\" \/>\n<meta property=\"og:type\" content=\"article\" \/>\n<meta property=\"og:title\" content=\"Unsere Fotogalerie | Waldenser G\u00e4stehaus Torre Pellice\" \/>\n<meta property=\"og:description\" content=\"Entdecken Sie die Fotos des Waldenser G\u00e4stehauses in Torre Pellice, dem idealen Ort f\u00fcr einen erholsamen Urlaub im Piemont, in der N\u00e4he von Turin\" \/>\n<meta property=\"og:url\" content=\"https:\/\/www.foresteriatorre.org\/de\/fotos-waldenser-gaestehaus-torre-pellice\/\" \/>\n<meta property=\"og:site_name\" content=\"Ermes Hotels\" \/>\n<meta property=\"article:modified_time\" content=\"2018-05-25T09:50:58+00:00\" \/>\n<meta name=\"twitter:card\" content=\"summary_large_image\" \/>\n<script type=\"application\/ld+json\" class=\"yoast-schema-graph\">{\"@context\":\"https:\/\/schema.org\",\"@graph\":[{\"@type\":\"WebPage\",\"@id\":\"https:\/\/www.foresteriatorre.org\/de\/fotos-waldenser-gaestehaus-torre-pellice\/\",\"url\":\"https:\/\/www.foresteriatorre.org\/de\/fotos-waldenser-gaestehaus-torre-pellice\/\",\"name\":\"Unsere Fotogalerie | Waldenser G\u00e4stehaus Torre Pellice\",\"isPartOf\":{\"@id\":\"https:\/\/www.foresteriatorre.org\/#website\"},\"datePublished\":\"2017-03-15T09:05:52+00:00\",\"dateModified\":\"2018-05-25T09:50:58+00:00\",\"description\":\"Entdecken Sie die Fotos des Waldenser G\u00e4stehauses in Torre Pellice, dem idealen Ort f\u00fcr einen erholsamen Urlaub im Piemont, in der N\u00e4he von Turin\",\"breadcrumb\":{\"@id\":\"https:\/\/www.foresteriatorre.org\/de\/fotos-waldenser-gaestehaus-torre-pellice\/#breadcrumb\"},\"inLanguage\":\"de\",\"potentialAction\":[{\"@type\":\"ReadAction\",\"target\":[\"https:\/\/www.foresteriatorre.org\/de\/fotos-waldenser-gaestehaus-torre-pellice\/\"]}]},{\"@type\":\"BreadcrumbList\",\"@id\":\"https:\/\/www.foresteriatorre.org\/de\/fotos-waldenser-gaestehaus-torre-pellice\/#breadcrumb\",\"itemListElement\":[{\"@type\":\"ListItem\",\"position\":1,\"name\":\"Home\",\"item\":\"https:\/\/www.foresteriatorre.org\/de\/\"},{\"@type\":\"ListItem\",\"position\":2,\"name\":\"Unsere Fotogalerie\"}]},{\"@type\":\"WebSite\",\"@id\":\"https:\/\/www.foresteriatorre.org\/#website\",\"url\":\"https:\/\/www.foresteriatorre.org\/\",\"name\":\"Ermes Hotels\",\"description\":\"Just another WordPress site\",\"potentialAction\":[{\"@type\":\"SearchAction\",\"target\":{\"@type\":\"EntryPoint\",\"urlTemplate\":\"https:\/\/www.foresteriatorre.org\/?s={search_term_string}\"},\"query-input\":{\"@type\":\"PropertyValueSpecification\",\"valueRequired\":true,\"valueName\":\"search_term_string\"}}],\"inLanguage\":\"de\"}]}<\/script>\n<!-- \/ Yoast SEO plugin. -->","yoast_head_json":{"title":"Unsere Fotogalerie | Waldenser G\u00e4stehaus Torre Pellice","description":"Entdecken Sie die Fotos des Waldenser G\u00e4stehauses in Torre Pellice, dem idealen Ort f\u00fcr einen erholsamen Urlaub im Piemont, in der N\u00e4he von Turin","robots":{"index":"index","follow":"follow","max-snippet":"max-snippet:-1","max-image-preview":"max-image-preview:large","max-video-preview":"max-video-preview:-1"},"canonical":"https:\/\/www.foresteriatorre.org\/de\/fotos-waldenser-gaestehaus-torre-pellice\/","og_locale":"de_DE","og_type":"article","og_title":"Unsere Fotogalerie | Waldenser G\u00e4stehaus Torre Pellice","og_description":"Entdecken Sie die Fotos des Waldenser G\u00e4stehauses in Torre Pellice, dem idealen Ort f\u00fcr einen erholsamen Urlaub im Piemont, in der N\u00e4he von Turin","og_url":"https:\/\/www.foresteriatorre.org\/de\/fotos-waldenser-gaestehaus-torre-pellice\/","og_site_name":"Ermes Hotels","article_modified_time":"2018-05-25T09:50:58+00:00","twitter_card":"summary_large_image","schema":{"@context":"https:\/\/schema.org","@graph":[{"@type":"WebPage","@id":"https:\/\/www.foresteriatorre.org\/de\/fotos-waldenser-gaestehaus-torre-pellice\/","url":"https:\/\/www.foresteriatorre.org\/de\/fotos-waldenser-gaestehaus-torre-pellice\/","name":"Unsere Fotogalerie | Waldenser G\u00e4stehaus Torre Pellice","isPartOf":{"@id":"https:\/\/www.foresteriatorre.org\/#website"},"datePublished":"2017-03-15T09:05:52+00:00","dateModified":"2018-05-25T09:50:58+00:00","description":"Entdecken Sie die Fotos des Waldenser G\u00e4stehauses in Torre Pellice, dem idealen Ort f\u00fcr einen erholsamen Urlaub im Piemont, in der N\u00e4he von Turin","breadcrumb":{"@id":"https:\/\/www.foresteriatorre.org\/de\/fotos-waldenser-gaestehaus-torre-pellice\/#breadcrumb"},"inLanguage":"de","potentialAction":[{"@type":"ReadAction","target":["https:\/\/www.foresteriatorre.org\/de\/fotos-waldenser-gaestehaus-torre-pellice\/"]}]},{"@type":"BreadcrumbList","@id":"https:\/\/www.foresteriatorre.org\/de\/fotos-waldenser-gaestehaus-torre-pellice\/#breadcrumb","itemListElement":[{"@type":"ListItem","position":1,"name":"Home","item":"https:\/\/www.foresteriatorre.org\/de\/"},{"@type":"ListItem","position":2,"name":"Unsere Fotogalerie"}]},{"@type":"WebSite","@id":"https:\/\/www.foresteriatorre.org\/#website","url":"https:\/\/www.foresteriatorre.org\/","name":"Ermes Hotels","description":"Just another WordPress site","potentialAction":[{"@type":"SearchAction","target":{"@type":"EntryPoint","urlTemplate":"https:\/\/www.foresteriatorre.org\/?s={search_term_string}"},"query-input":{"@type":"PropertyValueSpecification","valueRequired":true,"valueName":"search_term_string"}}],"inLanguage":"de"}]}},"_links":{"self":[{"href":"https:\/\/www.foresteriatorre.org\/de\/wp-json\/wp\/v2\/pages\/249","targetHints":{"allow":["GET"]}}],"collection":[{"href":"https:\/\/www.foresteriatorre.org\/de\/wp-json\/wp\/v2\/pages"}],"about":[{"href":"https:\/\/www.foresteriatorre.org\/de\/wp-json\/wp\/v2\/types\/page"}],"author":[{"embeddable":true,"href":"https:\/\/www.foresteriatorre.org\/de\/wp-json\/wp\/v2\/users\/1"}],"replies":[{"embeddable":true,"href":"https:\/\/www.foresteriatorre.org\/de\/wp-json\/wp\/v2\/comments?post=249"}],"version-history":[{"count":2,"href":"https:\/\/www.foresteriatorre.org\/de\/wp-json\/wp\/v2\/pages\/249\/revisions"}],"predecessor-version":[{"id":256,"href":"https:\/\/www.foresteriatorre.org\/de\/wp-json\/wp\/v2\/pages\/249\/revisions\/256"}],"wp:attachment":[{"href":"https:\/\/www.foresteriatorre.org\/de\/wp-json\/wp\/v2\/media?parent=249"}],"curies":[{"name":"wp","href":"https:\/\/api.w.org\/{rel}","templated":true}]}}