{"id":241,"date":"2017-03-13T13:42:54","date_gmt":"2017-03-13T13:42:54","guid":{"rendered":"https:\/\/www.foresteriatorre.org\/casa-cares\/"},"modified":"2020-01-16T17:59:03","modified_gmt":"2020-01-16T16:59:03","slug":"waldenser-gaestehaus-torre-pellice","status":"publish","type":"page","link":"https:\/\/www.foresteriatorre.org\/de\/","title":{"rendered":"Waldenser G\u00e4stehaus Torre Pellice"},"content":{"rendered":"<p>Das Waldenser G\u00e4stehaus in Torre Pellice liegt im Piemont, in der Provinz Turin, und ist der ideale Ort, um einen unvergesslich sch\u00f6nen und erholsamen Urlaub in der wundersch\u00f6nen Alpenlandschaft zu verbringen.<br \/>\nZum G\u00e4stehaus geh\u00f6ren vier historische Geb\u00e4ude sowie ein weitl\u00e4ufiger Garten, der zur Entspannung einl\u00e4dt.<\/p>\n<p class=\"white\">Unsere Zimmer<\/p>\n<div class=\"content-item__main-content\">\n<p>Das Waldenser G\u00e4stehaus in Torre Pellice bietet eine gro\u00dfe Auswahl an Zimmern und liegt eingebettet in friedliche Natur. Das G\u00e4stehaus eignet sich f\u00fcr Einzelreisende, Gruppen und Familien.<\/p>\n<\/div>\n<p class=\"primary\">Unsere Serviceleistungen<\/p>\n<div class=\"content-item__main-content\">\n<p>Das Fr\u00fchst\u00fccksbuffet mit frischen, naturbelassenen Produkten, der Garten, in dem Sie eine wundersch\u00f6ne Aussicht genie\u00dfen und in der schattigen Pergola entspannen k\u00f6nnen, und die Versammlungsr\u00e4ume sorgen f\u00fcr einen unvergesslichen Aufenthalt.<\/p>\n<\/div>\n","protected":false},"excerpt":{"rendered":"<p>Das Waldenser G\u00e4stehaus in Torre Pellice liegt im Piemont, in der Provinz Turin, und ist der ideale Ort, um einen unvergesslich sch\u00f6nen und erholsamen Urlaub in der wundersch\u00f6nen Alpenlandschaft zu verbringen. Zum G\u00e4stehaus geh\u00f6ren vier historische Geb\u00e4ude sowie ein weitl\u00e4ufiger Garten, der zur Entspannung einl\u00e4dt. Unsere Zimmer Das Waldenser G\u00e4stehaus in Torre Pellice bietet eine [&hellip;]<\/p>\n","protected":false},"author":1,"featured_media":0,"parent":0,"menu_order":0,"comment_status":"closed","ping_status":"closed","template":"","meta":{"footnotes":""},"class_list":["post-241","page","type-page","status-publish","hentry"],"yoast_head":"<!-- This site is optimized with the Yoast SEO plugin v24.8.1 - https:\/\/yoast.com\/wordpress\/plugins\/seo\/ -->\n<title>Waldenser G\u00e4stehaus Torre Pellice | Ferienunterkunft im Piemont<\/title>\n<meta name=\"description\" content=\"Willkommen im Waldenser G\u00e4stehaus Torre Pellice, buchen Sie eine Ferienunterkunft im Piemont und verbringen Sie einen erholsamen Urlaub inmitten der Alpen\" \/>\n<meta name=\"robots\" content=\"index, follow, max-snippet:-1, max-image-preview:large, max-video-preview:-1\" \/>\n<link rel=\"canonical\" href=\"https:\/\/www.foresteriatorre.org\/de\/\" \/>\n<meta property=\"og:locale\" content=\"de_DE\" \/>\n<meta property=\"og:type\" content=\"article\" \/>\n<meta property=\"og:title\" content=\"Waldenser G\u00e4stehaus Torre Pellice | Ferienunterkunft im Piemont\" \/>\n<meta property=\"og:description\" content=\"Willkommen im Waldenser G\u00e4stehaus Torre Pellice, buchen Sie eine Ferienunterkunft im Piemont und verbringen Sie einen erholsamen Urlaub inmitten der Alpen\" \/>\n<meta property=\"og:url\" content=\"https:\/\/www.foresteriatorre.org\/de\/\" \/>\n<meta property=\"og:site_name\" content=\"Ermes Hotels\" \/>\n<meta property=\"article:modified_time\" content=\"2020-01-16T16:59:03+00:00\" \/>\n<meta name=\"twitter:card\" content=\"summary_large_image\" \/>\n<meta name=\"twitter:label1\" content=\"Gesch\u00e4tzte Lesezeit\" \/>\n\t<meta name=\"twitter:data1\" content=\"1\u00a0Minute\" \/>\n<script type=\"application\/ld+json\" class=\"yoast-schema-graph\">{\"@context\":\"https:\/\/schema.org\",\"@graph\":[{\"@type\":\"WebPage\",\"@id\":\"https:\/\/www.foresteriatorre.org\/de\/\",\"url\":\"https:\/\/www.foresteriatorre.org\/de\/\",\"name\":\"Waldenser G\u00e4stehaus Torre Pellice | Ferienunterkunft im Piemont\",\"isPartOf\":{\"@id\":\"https:\/\/www.foresteriatorre.org\/#website\"},\"datePublished\":\"2017-03-13T13:42:54+00:00\",\"dateModified\":\"2020-01-16T16:59:03+00:00\",\"description\":\"Willkommen im Waldenser G\u00e4stehaus Torre Pellice, buchen Sie eine Ferienunterkunft im Piemont und verbringen Sie einen erholsamen Urlaub inmitten der Alpen\",\"breadcrumb\":{\"@id\":\"https:\/\/www.foresteriatorre.org\/de\/#breadcrumb\"},\"inLanguage\":\"de\",\"potentialAction\":[{\"@type\":\"ReadAction\",\"target\":[\"https:\/\/www.foresteriatorre.org\/de\/\"]}]},{\"@type\":\"BreadcrumbList\",\"@id\":\"https:\/\/www.foresteriatorre.org\/de\/#breadcrumb\",\"itemListElement\":[{\"@type\":\"ListItem\",\"position\":1,\"name\":\"Home\",\"item\":\"https:\/\/www.foresteriatorre.org\/de\/\"},{\"@type\":\"ListItem\",\"position\":2,\"name\":\"Waldenser G\u00e4stehaus Torre Pellice\"}]},{\"@type\":\"WebSite\",\"@id\":\"https:\/\/www.foresteriatorre.org\/#website\",\"url\":\"https:\/\/www.foresteriatorre.org\/\",\"name\":\"Ermes Hotels\",\"description\":\"Just another WordPress site\",\"potentialAction\":[{\"@type\":\"SearchAction\",\"target\":{\"@type\":\"EntryPoint\",\"urlTemplate\":\"https:\/\/www.foresteriatorre.org\/?s={search_term_string}\"},\"query-input\":{\"@type\":\"PropertyValueSpecification\",\"valueRequired\":true,\"valueName\":\"search_term_string\"}}],\"inLanguage\":\"de\"}]}<\/script>\n<!-- \/ Yoast SEO plugin. -->","yoast_head_json":{"title":"Waldenser G\u00e4stehaus Torre Pellice | Ferienunterkunft im Piemont","description":"Willkommen im Waldenser G\u00e4stehaus Torre Pellice, buchen Sie eine Ferienunterkunft im Piemont und verbringen Sie einen erholsamen Urlaub inmitten der Alpen","robots":{"index":"index","follow":"follow","max-snippet":"max-snippet:-1","max-image-preview":"max-image-preview:large","max-video-preview":"max-video-preview:-1"},"canonical":"https:\/\/www.foresteriatorre.org\/de\/","og_locale":"de_DE","og_type":"article","og_title":"Waldenser G\u00e4stehaus Torre Pellice | Ferienunterkunft im Piemont","og_description":"Willkommen im Waldenser G\u00e4stehaus Torre Pellice, buchen Sie eine Ferienunterkunft im Piemont und verbringen Sie einen erholsamen Urlaub inmitten der Alpen","og_url":"https:\/\/www.foresteriatorre.org\/de\/","og_site_name":"Ermes Hotels","article_modified_time":"2020-01-16T16:59:03+00:00","twitter_card":"summary_large_image","twitter_misc":{"Gesch\u00e4tzte Lesezeit":"1\u00a0Minute"},"schema":{"@context":"https:\/\/schema.org","@graph":[{"@type":"WebPage","@id":"https:\/\/www.foresteriatorre.org\/de\/","url":"https:\/\/www.foresteriatorre.org\/de\/","name":"Waldenser G\u00e4stehaus Torre Pellice | Ferienunterkunft im Piemont","isPartOf":{"@id":"https:\/\/www.foresteriatorre.org\/#website"},"datePublished":"2017-03-13T13:42:54+00:00","dateModified":"2020-01-16T16:59:03+00:00","description":"Willkommen im Waldenser G\u00e4stehaus Torre Pellice, buchen Sie eine Ferienunterkunft im Piemont und verbringen Sie einen erholsamen Urlaub inmitten der Alpen","breadcrumb":{"@id":"https:\/\/www.foresteriatorre.org\/de\/#breadcrumb"},"inLanguage":"de","potentialAction":[{"@type":"ReadAction","target":["https:\/\/www.foresteriatorre.org\/de\/"]}]},{"@type":"BreadcrumbList","@id":"https:\/\/www.foresteriatorre.org\/de\/#breadcrumb","itemListElement":[{"@type":"ListItem","position":1,"name":"Home","item":"https:\/\/www.foresteriatorre.org\/de\/"},{"@type":"ListItem","position":2,"name":"Waldenser G\u00e4stehaus Torre Pellice"}]},{"@type":"WebSite","@id":"https:\/\/www.foresteriatorre.org\/#website","url":"https:\/\/www.foresteriatorre.org\/","name":"Ermes Hotels","description":"Just another WordPress site","potentialAction":[{"@type":"SearchAction","target":{"@type":"EntryPoint","urlTemplate":"https:\/\/www.foresteriatorre.org\/?s={search_term_string}"},"query-input":{"@type":"PropertyValueSpecification","valueRequired":true,"valueName":"search_term_string"}}],"inLanguage":"de"}]}},"_links":{"self":[{"href":"https:\/\/www.foresteriatorre.org\/de\/wp-json\/wp\/v2\/pages\/241","targetHints":{"allow":["GET"]}}],"collection":[{"href":"https:\/\/www.foresteriatorre.org\/de\/wp-json\/wp\/v2\/pages"}],"about":[{"href":"https:\/\/www.foresteriatorre.org\/de\/wp-json\/wp\/v2\/types\/page"}],"author":[{"embeddable":true,"href":"https:\/\/www.foresteriatorre.org\/de\/wp-json\/wp\/v2\/users\/1"}],"replies":[{"embeddable":true,"href":"https:\/\/www.foresteriatorre.org\/de\/wp-json\/wp\/v2\/comments?post=241"}],"version-history":[{"count":8,"href":"https:\/\/www.foresteriatorre.org\/de\/wp-json\/wp\/v2\/pages\/241\/revisions"}],"predecessor-version":[{"id":620,"href":"https:\/\/www.foresteriatorre.org\/de\/wp-json\/wp\/v2\/pages\/241\/revisions\/620"}],"wp:attachment":[{"href":"https:\/\/www.foresteriatorre.org\/de\/wp-json\/wp\/v2\/media?parent=241"}],"curies":[{"name":"wp","href":"https:\/\/api.w.org\/{rel}","templated":true}]}}